{"id":28,"date":"2020-06-01T20:36:37","date_gmt":"2020-06-01T20:36:37","guid":{"rendered":"http:\/\/xn--brgerverein-miteinander-freinander-btdy.de\/?page_id=28"},"modified":"2020-12-13T11:24:10","modified_gmt":"2020-12-13T11:24:10","slug":"spender-werden","status":"publish","type":"page","link":"http:\/\/xn--brgerverein-miteinander-freinander-btdy.de\/?page_id=28","title":{"rendered":"Spender werden"},"content":{"rendered":"\n<p>Der B\u00fcrgerverein freut sich \u00fcber jede Geldspende. Vielen Dank schon im voraus.<\/p>\n\n\n\n<p>Wir k\u00f6nnen Ihnen versichern, dass das Geld gewissenhaft f\u00fcr die in unserer Satzung festgeschriebenen Ziele verwendet wird.<br>Das Geld kann an das unten stehende Konto \u00fcberwiesen werden. Bitte teilen Sie uns mit wenn Sie eine Spendenbescheinigung m\u00f6chten.<\/p>\n\n\n\n<p><strong>Spendenkonto:<\/strong><\/p>\n\n\n\n<p>B\u00fcrgerverein miteinander-f\u00fcreinander e.V.<br>Sparkasse Neckartal-Odenwald<br>IBAN\u00a0 DE97 6745 0048 1001 5856 27<br>BIC\u00a0\u00a0\u00a0\u00a0 SOLADES1MOS<\/p>\n","protected":false},"excerpt":{"rendered":"<div class=\"entry-summary\">\nDer B\u00fcrgerverein freut sich \u00fcber jede Geldspende. Vielen Dank schon im voraus. Wir k\u00f6nnen Ihnen versichern, dass das Geld gewissenhaft f\u00fcr die in unserer Satzung festgeschriebenen Ziele verwendet wird.Das Geld kann an das unten stehende Konto \u00fcberwiesen werden. Bitte teilen&hellip;\n<\/div>\n<div class=\"link-more\"><a href=\"http:\/\/xn--brgerverein-miteinander-freinander-btdy.de\/?page_id=28\" class=\"more-link\">Continue reading<span class=\"screen-reader-text\"> &ldquo;Spender werden&rdquo;<\/span>&hellip;<\/a><\/div>\n","protected":false},"author":1,"featured_media":0,"parent":0,"menu_order":2,"comment_status":"closed","ping_status":"closed","template":"","meta":{"footnotes":""},"class_list":["post-28","page","type-page","status-publish","hentry","entry"],"_links":{"self":[{"href":"http:\/\/xn--brgerverein-miteinander-freinander-btdy.de\/index.php?rest_route=\/wp\/v2\/pages\/28","targetHints":{"allow":["GET"]}}],"collection":[{"href":"http:\/\/xn--brgerverein-miteinander-freinander-btdy.de\/index.php?rest_route=\/wp\/v2\/pages"}],"about":[{"href":"http:\/\/xn--brgerverein-miteinander-freinander-btdy.de\/index.php?rest_route=\/wp\/v2\/types\/page"}],"author":[{"embeddable":true,"href":"http:\/\/xn--brgerverein-miteinander-freinander-btdy.de\/index.php?rest_route=\/wp\/v2\/users\/1"}],"replies":[{"embeddable":true,"href":"http:\/\/xn--brgerverein-miteinander-freinander-btdy.de\/index.php?rest_route=%2Fwp%2Fv2%2Fcomments&post=28"}],"version-history":[{"count":3,"href":"http:\/\/xn--brgerverein-miteinander-freinander-btdy.de\/index.php?rest_route=\/wp\/v2\/pages\/28\/revisions"}],"predecessor-version":[{"id":157,"href":"http:\/\/xn--brgerverein-miteinander-freinander-btdy.de\/index.php?rest_route=\/wp\/v2\/pages\/28\/revisions\/157"}],"wp:attachment":[{"href":"http:\/\/xn--brgerverein-miteinander-freinander-btdy.de\/index.php?rest_route=%2Fwp%2Fv2%2Fmedia&parent=28"}],"curies":[{"name":"wp","href":"https:\/\/api.w.org\/{rel}","templated":true}]}}