{"id":35,"date":"2020-06-01T20:52:16","date_gmt":"2020-06-01T20:52:16","guid":{"rendered":"http:\/\/xn--brgerverein-miteinander-freinander-btdy.de\/?page_id=35"},"modified":"2026-03-30T09:25:45","modified_gmt":"2026-03-30T09:25:45","slug":"aktuelle-initiativen","status":"publish","type":"page","link":"http:\/\/xn--brgerverein-miteinander-freinander-btdy.de\/?page_id=35","title":{"rendered":"Aktuelles"},"content":{"rendered":"\n<hr class=\"wp-block-separator has-alpha-channel-opacity is-style-wide\"\/>\n\n\n\n<p><strong>Erfolgreiche M\u00fcllsammelaktion in Neckarzimmern<\/strong><\/p>\n\n\n\n<p>Am Samstag, den 28. M\u00e4rz 2026, fand in Neckarzimmern eine gro\u00dfe M\u00fcllsammelaktion statt. Organisiert wurde die Aktion vom B\u00fcrgerverein \u201emiteinander \u2013 f\u00fcreinander\u201c, unterst\u00fctzt von allen \u00f6rtlichen Vereinen, die gemeinsam zur Teilnahme aufgerufen hatten. Ziel war es, den Ort von achtlos weggeworfenem M\u00fcll zu befreien und so einen Beitrag zu einer sauberen Umwelt zu leisten.<\/p>\n\n\n\n<p>Die Resonanz war sehr erfreulich: Zahlreiche B\u00fcrgerinnen und B\u00fcrger beteiligten sich an der Aktion, darunter auch einige Familien mit Kindern, bei denen wir uns herzlich bedanken wollen. Dieses breite Engagement zeigte deutlich den starken Gemeinschaftssinn in Neckarzimmern. Auch die Gemeinde war vertreten \u2013 B\u00fcrgermeister Christian Stuber sowie sein Stellvertreter Ralf Lex packten tatkr\u00e4ftig mit an.<\/p>\n\n\n\n<p>Im Laufe des Tages kam eine beachtliche Menge an M\u00fcll zusammen, was sowohl den Bedarf als auch den Erfolg der Aktion unterstrich. Besonders positiv fiel die Unterst\u00fctzung aus der Bev\u00f6lkerung auf: Anwohner versorgten die Helferinnen und Helfer mit hei\u00dfem Kaffee, w\u00e4hrend sich die Kinder \u00fcber kleine S\u00fc\u00dfigkeiten freuen durften.<\/p>\n\n\n\n<p>Zum Abschluss der gelungenen Aktion waren alle Teilnehmerinnen und Teilnehmer zu einem gemeinsamen Vesper im \u201eneuen Bauhof\u201c eingeladen. F\u00fcr das leibliche Wohl sorgte die Firma INAST, die freundlicherweise Essen und Getr\u00e4nke spendierte.<\/p>\n\n\n\n<p>Die M\u00fcllsammelaktion war ein voller Erfolg und hat das Gemeinschaftsgef\u00fchl im Ort weiter gest\u00e4rkt. Eine Wiederholung im kommenden Jahr ist bereits geplant.<\/p>\n\n\n\n<p>Einige Bilder von der Aktion:<\/p>\n\n\n\n<figure class=\"wp-block-image size-large\"><img loading=\"lazy\" decoding=\"async\" width=\"1024\" height=\"613\" src=\"http:\/\/xn--brgerverein-miteinander-freinander-btdy.de\/wp-content\/uploads\/2026\/03\/IMG_5429-1024x613.jpeg\" alt=\"\" class=\"wp-image-558\" srcset=\"http:\/\/xn--brgerverein-miteinander-freinander-btdy.de\/wp-content\/uploads\/2026\/03\/IMG_5429-1024x613.jpeg 1024w, http:\/\/xn--brgerverein-miteinander-freinander-btdy.de\/wp-content\/uploads\/2026\/03\/IMG_5429-300x180.jpeg 300w, http:\/\/xn--brgerverein-miteinander-freinander-btdy.de\/wp-content\/uploads\/2026\/03\/IMG_5429-768x460.jpeg 768w, http:\/\/xn--brgerverein-miteinander-freinander-btdy.de\/wp-content\/uploads\/2026\/03\/IMG_5429-1536x920.jpeg 1536w, http:\/\/xn--brgerverein-miteinander-freinander-btdy.de\/wp-content\/uploads\/2026\/03\/IMG_5429-2048x1226.jpeg 2048w\" sizes=\"auto, (max-width: 1024px) 100vw, 1024px\" \/><\/figure>\n\n\n\n<figure class=\"wp-block-gallery has-nested-images columns-default is-cropped wp-block-gallery-1 is-layout-flex wp-block-gallery-is-layout-flex\">\n<figure class=\"wp-block-image size-large\"><img loading=\"lazy\" decoding=\"async\" width=\"768\" height=\"1024\" data-id=\"559\" src=\"http:\/\/xn--brgerverein-miteinander-freinander-btdy.de\/wp-content\/uploads\/2026\/03\/PHOTO-2026-03-28-14-47-38-6-768x1024.jpg\" alt=\"\" class=\"wp-image-559\" srcset=\"http:\/\/xn--brgerverein-miteinander-freinander-btdy.de\/wp-content\/uploads\/2026\/03\/PHOTO-2026-03-28-14-47-38-6-768x1024.jpg 768w, http:\/\/xn--brgerverein-miteinander-freinander-btdy.de\/wp-content\/uploads\/2026\/03\/PHOTO-2026-03-28-14-47-38-6-225x300.jpg 225w, http:\/\/xn--brgerverein-miteinander-freinander-btdy.de\/wp-content\/uploads\/2026\/03\/PHOTO-2026-03-28-14-47-38-6-1152x1536.jpg 1152w, http:\/\/xn--brgerverein-miteinander-freinander-btdy.de\/wp-content\/uploads\/2026\/03\/PHOTO-2026-03-28-14-47-38-6.jpg 1536w\" sizes=\"auto, (max-width: 768px) 100vw, 768px\" \/><\/figure>\n\n\n\n<figure class=\"wp-block-image size-large\"><img loading=\"lazy\" decoding=\"async\" width=\"768\" height=\"1024\" data-id=\"564\" src=\"http:\/\/xn--brgerverein-miteinander-freinander-btdy.de\/wp-content\/uploads\/2026\/03\/IMG_5430-768x1024.jpeg\" alt=\"\" class=\"wp-image-564\" srcset=\"http:\/\/xn--brgerverein-miteinander-freinander-btdy.de\/wp-content\/uploads\/2026\/03\/IMG_5430-768x1024.jpeg 768w, http:\/\/xn--brgerverein-miteinander-freinander-btdy.de\/wp-content\/uploads\/2026\/03\/IMG_5430-225x300.jpeg 225w, http:\/\/xn--brgerverein-miteinander-freinander-btdy.de\/wp-content\/uploads\/2026\/03\/IMG_5430-1152x1536.jpeg 1152w, http:\/\/xn--brgerverein-miteinander-freinander-btdy.de\/wp-content\/uploads\/2026\/03\/IMG_5430-1536x2048.jpeg 1536w, http:\/\/xn--brgerverein-miteinander-freinander-btdy.de\/wp-content\/uploads\/2026\/03\/IMG_5430-scaled.jpeg 1920w\" sizes=\"auto, (max-width: 768px) 100vw, 768px\" \/><\/figure>\n\n\n\n<figure class=\"wp-block-image size-large\"><img loading=\"lazy\" decoding=\"async\" width=\"768\" height=\"1024\" data-id=\"560\" src=\"http:\/\/xn--brgerverein-miteinander-freinander-btdy.de\/wp-content\/uploads\/2026\/03\/PHOTO-2026-03-28-14-47-39-768x1024.jpg\" alt=\"\" class=\"wp-image-560\" srcset=\"http:\/\/xn--brgerverein-miteinander-freinander-btdy.de\/wp-content\/uploads\/2026\/03\/PHOTO-2026-03-28-14-47-39-768x1024.jpg 768w, http:\/\/xn--brgerverein-miteinander-freinander-btdy.de\/wp-content\/uploads\/2026\/03\/PHOTO-2026-03-28-14-47-39-225x300.jpg 225w, http:\/\/xn--brgerverein-miteinander-freinander-btdy.de\/wp-content\/uploads\/2026\/03\/PHOTO-2026-03-28-14-47-39-1152x1536.jpg 1152w, http:\/\/xn--brgerverein-miteinander-freinander-btdy.de\/wp-content\/uploads\/2026\/03\/PHOTO-2026-03-28-14-47-39.jpg 1536w\" sizes=\"auto, (max-width: 768px) 100vw, 768px\" \/><\/figure>\n\n\n\n<figure class=\"wp-block-image size-large\"><img loading=\"lazy\" decoding=\"async\" width=\"768\" height=\"1024\" data-id=\"562\" src=\"http:\/\/xn--brgerverein-miteinander-freinander-btdy.de\/wp-content\/uploads\/2026\/03\/PHOTO-2026-03-28-14-47-37-2-768x1024.jpg\" alt=\"\" class=\"wp-image-562\" srcset=\"http:\/\/xn--brgerverein-miteinander-freinander-btdy.de\/wp-content\/uploads\/2026\/03\/PHOTO-2026-03-28-14-47-37-2-768x1024.jpg 768w, http:\/\/xn--brgerverein-miteinander-freinander-btdy.de\/wp-content\/uploads\/2026\/03\/PHOTO-2026-03-28-14-47-37-2-225x300.jpg 225w, http:\/\/xn--brgerverein-miteinander-freinander-btdy.de\/wp-content\/uploads\/2026\/03\/PHOTO-2026-03-28-14-47-37-2-1152x1536.jpg 1152w, http:\/\/xn--brgerverein-miteinander-freinander-btdy.de\/wp-content\/uploads\/2026\/03\/PHOTO-2026-03-28-14-47-37-2.jpg 1536w\" sizes=\"auto, (max-width: 768px) 100vw, 768px\" \/><\/figure>\n\n\n\n<figure class=\"wp-block-image size-large\"><img loading=\"lazy\" decoding=\"async\" width=\"768\" height=\"1024\" data-id=\"563\" src=\"http:\/\/xn--brgerverein-miteinander-freinander-btdy.de\/wp-content\/uploads\/2026\/03\/PHOTO-2026-03-28-15-19-39-768x1024.jpg\" alt=\"\" class=\"wp-image-563\" srcset=\"http:\/\/xn--brgerverein-miteinander-freinander-btdy.de\/wp-content\/uploads\/2026\/03\/PHOTO-2026-03-28-15-19-39-768x1024.jpg 768w, http:\/\/xn--brgerverein-miteinander-freinander-btdy.de\/wp-content\/uploads\/2026\/03\/PHOTO-2026-03-28-15-19-39-225x300.jpg 225w, http:\/\/xn--brgerverein-miteinander-freinander-btdy.de\/wp-content\/uploads\/2026\/03\/PHOTO-2026-03-28-15-19-39-1152x1536.jpg 1152w, http:\/\/xn--brgerverein-miteinander-freinander-btdy.de\/wp-content\/uploads\/2026\/03\/PHOTO-2026-03-28-15-19-39.jpg 1200w\" sizes=\"auto, (max-width: 768px) 100vw, 768px\" \/><\/figure>\n<\/figure>\n","protected":false},"excerpt":{"rendered":"<div class=\"entry-summary\">\nErfolgreiche M\u00fcllsammelaktion in Neckarzimmern Am Samstag, den 28. M\u00e4rz 2026, fand in Neckarzimmern eine gro\u00dfe M\u00fcllsammelaktion statt. Organisiert wurde die Aktion vom B\u00fcrgerverein \u201emiteinander \u2013 f\u00fcreinander\u201c, unterst\u00fctzt von allen \u00f6rtlichen Vereinen, die gemeinsam zur Teilnahme aufgerufen hatten. Ziel war es,&hellip;\n<\/div>\n<div class=\"link-more\"><a href=\"http:\/\/xn--brgerverein-miteinander-freinander-btdy.de\/?page_id=35\" class=\"more-link\">Continue reading<span class=\"screen-reader-text\"> &ldquo;Aktuelles&rdquo;<\/span>&hellip;<\/a><\/div>\n","protected":false},"author":1,"featured_media":0,"parent":0,"menu_order":4,"comment_status":"closed","ping_status":"closed","template":"","meta":{"footnotes":""},"class_list":["post-35","page","type-page","status-publish","hentry","entry"],"_links":{"self":[{"href":"http:\/\/xn--brgerverein-miteinander-freinander-btdy.de\/index.php?rest_route=\/wp\/v2\/pages\/35","targetHints":{"allow":["GET"]}}],"collection":[{"href":"http:\/\/xn--brgerverein-miteinander-freinander-btdy.de\/index.php?rest_route=\/wp\/v2\/pages"}],"about":[{"href":"http:\/\/xn--brgerverein-miteinander-freinander-btdy.de\/index.php?rest_route=\/wp\/v2\/types\/page"}],"author":[{"embeddable":true,"href":"http:\/\/xn--brgerverein-miteinander-freinander-btdy.de\/index.php?rest_route=\/wp\/v2\/users\/1"}],"replies":[{"embeddable":true,"href":"http:\/\/xn--brgerverein-miteinander-freinander-btdy.de\/index.php?rest_route=%2Fwp%2Fv2%2Fcomments&post=35"}],"version-history":[{"count":95,"href":"http:\/\/xn--brgerverein-miteinander-freinander-btdy.de\/index.php?rest_route=\/wp\/v2\/pages\/35\/revisions"}],"predecessor-version":[{"id":565,"href":"http:\/\/xn--brgerverein-miteinander-freinander-btdy.de\/index.php?rest_route=\/wp\/v2\/pages\/35\/revisions\/565"}],"wp:attachment":[{"href":"http:\/\/xn--brgerverein-miteinander-freinander-btdy.de\/index.php?rest_route=%2Fwp%2Fv2%2Fmedia&parent=35"}],"curies":[{"name":"wp","href":"https:\/\/api.w.org\/{rel}","templated":true}]}}